{"id":75,"date":"2019-07-06T11:55:50","date_gmt":"2019-07-06T09:55:50","guid":{"rendered":"https:\/\/gingerridge.pl\/?page_id=75"},"modified":"2019-10-28T20:01:46","modified_gmt":"2019-10-28T19:01:46","slug":"lema","status":"publish","type":"page","link":"https:\/\/gingerridge.pl\/en\/lema\/","title":{"rendered":"Lema"},"content":{"rendered":"\n<p><strong>ARESVUMA ELLEMA MALUWA <\/strong><\/p>\n\n\n\n<p> After many hours spent discussing and considering, we have finally decided to start a kennel breeding the breed we are both fascinated by and in love with. It was clear that we had to pick the dam that would found it.  We had her pictured in our minds &#8211; she had to have it all: perfect lineage, looks and personality.  Yet, we have chosen not to import a puppy from the Dark Continent.  We have found everything that we were looking for in Svetlana Malinnikova-Aresvuma\u2019s kennel in Russia.  Its story dates back all the way to 2003. It was Svetlana\u2019s Harmakhis Wisdom Daksha of Aresvuma &#8211; one of the breed\u2019s top prize-winning dogs (bred in Sara Venturelli\u2019s kennel &#8211; Harmakhis Wisdom) and Lema\u2019s grandmother &#8211; that caught our attention. Her daughter is the gorgeous Godersi delle Fama &#8211; Lema\u2019s mother. <\/p>\n\n\n\n<figure class=\"wp-block-image\"><img loading=\"lazy\" width=\"350\" height=\"240\" src=\"https:\/\/gingerridge.pl\/wp-content\/uploads\/2019\/07\/Daksza.jpg\" alt=\"\" class=\"wp-image-131\" srcset=\"https:\/\/gingerridge.pl\/wp-content\/uploads\/2019\/07\/Daksza.jpg 350w, https:\/\/gingerridge.pl\/wp-content\/uploads\/2019\/07\/Daksza-300x206.jpg 300w\" sizes=\"(max-width: 350px) 100vw, 350px\" \/><figcaption>Harmakhis Wisdom Daksha of Aresvuma <\/figcaption><\/figure>\n\n\n\n<figure class=\"wp-block-image\"><img loading=\"lazy\" width=\"350\" height=\"242\" src=\"https:\/\/gingerridge.pl\/wp-content\/uploads\/2019\/07\/Godersi.jpg\" alt=\"\" class=\"wp-image-132\" srcset=\"https:\/\/gingerridge.pl\/wp-content\/uploads\/2019\/07\/Godersi.jpg 350w, https:\/\/gingerridge.pl\/wp-content\/uploads\/2019\/07\/Godersi-300x207.jpg 300w\" sizes=\"(max-width: 350px) 100vw, 350px\" \/><figcaption>Aresvuma Godersi Delle Fama<\/figcaption><\/figure>\n\n\n\n<p> Prize-winning Boo was bred in Monika Kolb\u2019s kennel in Germany in 2013. He is the son of Clachan Shashi &#8211; a dam from Scotty Stewart\u2019s South African kennel.  We were impressed by Boo\u2019s beauty as well as all other Aresvuma\u2019s dogs that we have met in the show rings and outside them. The decision was made.  Our first female, the kennel\u2019s dam will be named Aresvuma.  This is the story of how Daksha\u2019s granddaughter and Boo\u2019s daughter &#8211; Aresvuma Ellema Maluwa, nicknamed Lema or Lemcia (Polish for Lemmy) by us &#8211; arrived at home. <\/p>\n\n\n\n<figure class=\"wp-block-image is-resized\"><img loading=\"lazy\" src=\"https:\/\/gingerridge.pl\/wp-content\/uploads\/2019\/07\/BU.jpg\" alt=\"\" class=\"wp-image-133\" width=\"383\" height=\"263\" srcset=\"https:\/\/gingerridge.pl\/wp-content\/uploads\/2019\/07\/BU.jpg 350w, https:\/\/gingerridge.pl\/wp-content\/uploads\/2019\/07\/BU-300x206.jpg 300w\" sizes=\"(max-width: 383px) 100vw, 383px\" \/><figcaption>                                           Hawkinsara Boo for Aresvuma<\/figcaption><\/figure>\n\n\n\n<p> Aresvuma is not simply 16 years\u2019 worth of history &#8211; it is Svetlana\u2019s achievements, vast knowledge and her humility before nature, which we believe to be a breeder\u2019s essential trait.  Her work can be summed up by simply mentioning Aresvuma\u2019s trophies: <\/p>\n\n\n\n<ul><li> 3 World Champions (BOB&#038;2BOS)<\/li><li> 1 Junior World Champion <\/li><li> 1 Veteran World Champion <\/li><li> 1 European Champion (BOB) <\/li><li> 1 Junior European Champion <\/li><li> 4 Veteran European Champions <\/li><li> 21 International Champions <\/li><li> 1 CRUFTS Champion (BOB&#038;BIG-IV) <\/li><li> 41 Multi champions <\/li><\/ul>\n\n\n\n<p> Besides that, we also appreciate Svetlana\u2019s personal side &#8211; always eager to share her knowledge, give support and advise as best as she can. <\/p>\n\n\n\n<p> It was a beautiful and sunny day in June when she got to us from Moscow, bringing both the gorgeous 8-weeks old Lemmy and all the needed documents. <\/p>\n\n\n\n<figure class=\"wp-block-image\"><img loading=\"lazy\" width=\"908\" height=\"616\" src=\"https:\/\/gingerridge.pl\/wp-content\/uploads\/2019\/07\/image-3.png\" alt=\"\" class=\"wp-image-83\" srcset=\"https:\/\/gingerridge.pl\/wp-content\/uploads\/2019\/07\/image-3.png 908w, https:\/\/gingerridge.pl\/wp-content\/uploads\/2019\/07\/image-3-300x204.png 300w, https:\/\/gingerridge.pl\/wp-content\/uploads\/2019\/07\/image-3-768x521.png 768w\" sizes=\"(max-width: 908px) 100vw, 908px\" \/><figcaption>Aresvuma Ellema Maluwa foto by S.Malinnikova<\/figcaption><\/figure>\n\n\n\n<p>Lema was blessed with an uncanny personality: she can be cute, silly and careful; she is also very devoted to our family and all its members. As a Rhodesian Ridgeback, she is also quite independent and lacks trust for strangers. Having such a dog is both a pleasure and a challenge. As it was before with Labone, Lema\u2019s training became a part of daily lives.<\/p>\n\n\n\n<p>\n\nLema started her show dog career as a junior and has achieved impressive results in that class &#8211; if you would like to learn more, please see the achievements tab.\n\n<\/p>\n\n\n\n<h2>Lema in the opinion of the judges<\/h2>\n\n\n\n<blockquote class=\"wp-block-quote\"><p>1 year beautiful young bitch, lovely feminine head, good proportion, black mask, good neck, lovely outline, excellent ridge, deep chest, well angulation, good size, free movement.<\/p><cite>Natasa Davidovic,  Scenthounds Club Dog Show Twardy D\u00f3\u0142 <br>19.05.2018<\/cite><\/blockquote>\n\n\n\n<blockquote class=\"wp-block-quote\"><p>Good size,good bone bitch,still a little insecure,clean in<br> lines,in attitude and movement,very nice chest,sufficient<br> forechest,beatiful head,lovely eyes,good expression,free<br> movement<\/p><cite>Andrzej St\u0119pi\u0144ski 50 Jubilee International Gorz\u00f3w Dog Show<br> 14.07.2018<\/cite><\/blockquote>\n\n\n\n<blockquote class=\"wp-block-quote\"><p>Good size and format bitch,feminine head. Correct<br> body,good angulation. Movement enough dynamic .<\/p><cite>Marian Pawe\u0142 Bocianowski VII Winter National Dog Show<br> Choce\u0144 3.03.2019<\/cite><\/blockquote>\n\n\n\n<figure class=\"wp-block-image\"><img loading=\"lazy\" width=\"1024\" height=\"769\" src=\"https:\/\/gingerridge.pl\/wp-content\/uploads\/2019\/10\/INTERNET-4-1024x769.jpg\" alt=\"\" class=\"wp-image-467\" srcset=\"https:\/\/gingerridge.pl\/wp-content\/uploads\/2019\/10\/INTERNET-4-1024x769.jpg 1024w, https:\/\/gingerridge.pl\/wp-content\/uploads\/2019\/10\/INTERNET-4-300x225.jpg 300w, https:\/\/gingerridge.pl\/wp-content\/uploads\/2019\/10\/INTERNET-4-768x576.jpg 768w, https:\/\/gingerridge.pl\/wp-content\/uploads\/2019\/10\/INTERNET-4.jpg 2048w\" sizes=\"(max-width: 1024px) 100vw, 1024px\" \/><\/figure>\n","protected":false},"excerpt":{"rendered":"<p>ARESVUMA ELLEMA MALUWA After many hours spent discussing and considering, we have finally decided to start a kennel breeding the<a class=\"excerpt-read-more\" href=\"https:\/\/gingerridge.pl\/en\/lema\/\" title=\"ReadLema\">&#8230; Read more &raquo;<\/a><\/p>\n","protected":false},"author":1,"featured_media":172,"parent":0,"menu_order":0,"comment_status":"closed","ping_status":"closed","template":"","meta":{"_monsterinsights_skip_tracking":false,"_monsterinsights_sitenote_active":false,"_monsterinsights_sitenote_note":"","_monsterinsights_sitenote_category":0},"yoast_head":"<!-- This site is optimized with the Yoast SEO plugin v17.1 - https:\/\/yoast.com\/wordpress\/plugins\/seo\/ -->\n<title>Lema - hodowla ps\u00f3w rasy Rhodesian Ridgeback - gingerridge.pl<\/title>\n<meta name=\"robots\" content=\"index, follow, max-snippet:-1, max-image-preview:large, max-video-preview:-1\" \/>\n<link rel=\"canonical\" href=\"https:\/\/gingerridge.pl\/lema\/\" \/>\n<meta property=\"og:locale\" content=\"en_US\" \/>\n<meta property=\"og:type\" content=\"article\" \/>\n<meta property=\"og:title\" content=\"Lema\" \/>\n<meta property=\"og:description\" content=\"ARESVUMA ELLEMA MALUWA After many hours spent discussing and considering, we have finally decided to start a kennel breeding the... Read more &raquo;\" \/>\n<meta property=\"og:url\" content=\"https:\/\/gingerridge.pl\/lema\/\" \/>\n<meta property=\"og:site_name\" content=\"Ginger Ridge\" \/>\n<meta property=\"article:publisher\" content=\"https:\/\/www.facebook.com\/Labone-Mwine-Makorikori-Rhodesian-Ridgeback-1708637059163348\/\" \/>\n<meta property=\"article:modified_time\" content=\"2019-10-28T19:01:46+00:00\" \/>\n<meta property=\"og:image\" content=\"https:\/\/gingerridge.pl\/wp-content\/uploads\/2019\/08\/lema-boczne.jpg\" \/>\n\t<meta property=\"og:image:width\" content=\"550\" \/>\n\t<meta property=\"og:image:height\" content=\"940\" \/>\n<meta name=\"twitter:card\" content=\"summary_large_image\" \/>\n<meta name=\"twitter:label1\" content=\"Est. reading time\" \/>\n\t<meta name=\"twitter:data1\" content=\"6 minutes\" \/>\n<script type=\"application\/ld+json\" class=\"yoast-schema-graph\">{\"@context\":\"https:\/\/schema.org\",\"@graph\":[{\"@type\":\"Organization\",\"@id\":\"https:\/\/gingerridge.pl\/#organization\",\"name\":\"Ginger Ridge\",\"url\":\"https:\/\/gingerridge.pl\/\",\"sameAs\":[\"https:\/\/www.facebook.com\/Labone-Mwine-Makorikori-Rhodesian-Ridgeback-1708637059163348\/\"],\"logo\":{\"@type\":\"ImageObject\",\"@id\":\"https:\/\/gingerridge.pl\/#logo\",\"inLanguage\":\"en-US\",\"url\":\"https:\/\/gingerridge.pl\/wp-content\/uploads\/2019\/09\/logo.png\",\"contentUrl\":\"https:\/\/gingerridge.pl\/wp-content\/uploads\/2019\/09\/logo.png\",\"width\":206,\"height\":102,\"caption\":\"Ginger Ridge\"},\"image\":{\"@id\":\"https:\/\/gingerridge.pl\/#logo\"}},{\"@type\":\"WebSite\",\"@id\":\"https:\/\/gingerridge.pl\/#website\",\"url\":\"https:\/\/gingerridge.pl\/\",\"name\":\"Ginger Ridge\",\"description\":\"hodowla ps\\u00f3w rasy Rhodesian Ridgeback - gingerridge.pl\",\"publisher\":{\"@id\":\"https:\/\/gingerridge.pl\/#organization\"},\"potentialAction\":[{\"@type\":\"SearchAction\",\"target\":{\"@type\":\"EntryPoint\",\"urlTemplate\":\"https:\/\/gingerridge.pl\/?s={search_term_string}\"},\"query-input\":\"required name=search_term_string\"}],\"inLanguage\":\"en-US\"},{\"@type\":\"ImageObject\",\"@id\":\"https:\/\/gingerridge.pl\/lema\/#primaryimage\",\"inLanguage\":\"en-US\",\"url\":\"https:\/\/gingerridge.pl\/wp-content\/uploads\/2019\/08\/lema-boczne.jpg\",\"contentUrl\":\"https:\/\/gingerridge.pl\/wp-content\/uploads\/2019\/08\/lema-boczne.jpg\",\"width\":550,\"height\":940},{\"@type\":\"WebPage\",\"@id\":\"https:\/\/gingerridge.pl\/lema\/#webpage\",\"url\":\"https:\/\/gingerridge.pl\/lema\/\",\"name\":\"[:en]Lema[:pl]Lema[:] - hodowla ps\\u00f3w rasy Rhodesian Ridgeback - gingerridge.pl\",\"isPartOf\":{\"@id\":\"https:\/\/gingerridge.pl\/#website\"},\"primaryImageOfPage\":{\"@id\":\"https:\/\/gingerridge.pl\/lema\/#primaryimage\"},\"datePublished\":\"2019-07-06T09:55:50+00:00\",\"dateModified\":\"2019-10-28T19:01:46+00:00\",\"breadcrumb\":{\"@id\":\"https:\/\/gingerridge.pl\/lema\/#breadcrumb\"},\"inLanguage\":\"en-US\",\"potentialAction\":[{\"@type\":\"ReadAction\",\"target\":[\"https:\/\/gingerridge.pl\/lema\/\"]}]},{\"@type\":\"BreadcrumbList\",\"@id\":\"https:\/\/gingerridge.pl\/lema\/#breadcrumb\",\"itemListElement\":[{\"@type\":\"ListItem\",\"position\":1,\"name\":\"Strona g\\u0142\\u00f3wna\",\"item\":\"https:\/\/gingerridge.pl\/\"},{\"@type\":\"ListItem\",\"position\":2,\"name\":\"Lema\"}]}]}<\/script>\n<!-- \/ Yoast SEO plugin. -->","yoast_head_json":{"title":"Lema - hodowla ps\u00f3w rasy Rhodesian Ridgeback - gingerridge.pl","robots":{"index":"index","follow":"follow","max-snippet":"max-snippet:-1","max-image-preview":"max-image-preview:large","max-video-preview":"max-video-preview:-1"},"canonical":"https:\/\/gingerridge.pl\/lema\/","og_locale":"en_US","og_type":"article","og_title":"[:en]Lema[:pl]Lema[:] - hodowla ps\u00f3w rasy Rhodesian Ridgeback - gingerridge.pl","og_description":"ARESVUMA ELLEMA MALUWA After many hours spent discussing and considering, we have finally decided to start a kennel breeding the... Read more &raquo;","og_url":"https:\/\/gingerridge.pl\/lema\/","og_site_name":"Ginger Ridge","article_publisher":"https:\/\/www.facebook.com\/Labone-Mwine-Makorikori-Rhodesian-Ridgeback-1708637059163348\/","article_modified_time":"2019-10-28T19:01:46+00:00","og_image":[{"width":550,"height":940,"url":"https:\/\/gingerridge.pl\/wp-content\/uploads\/2019\/08\/lema-boczne.jpg","path":"\/home\/klient.dhosting.pl\/mmoszyk\/gingerridge.pl\/public_html\/wp-content\/uploads\/2019\/08\/lema-boczne.jpg","size":"full","id":172,"alt":"","pixels":517000,"type":"image\/jpeg"}],"twitter_card":"summary_large_image","twitter_misc":{"Est. reading time":"6 minutes"},"schema":{"@context":"https:\/\/schema.org","@graph":[{"@type":"Organization","@id":"https:\/\/gingerridge.pl\/#organization","name":"Ginger Ridge","url":"https:\/\/gingerridge.pl\/","sameAs":["https:\/\/www.facebook.com\/Labone-Mwine-Makorikori-Rhodesian-Ridgeback-1708637059163348\/"],"logo":{"@type":"ImageObject","@id":"https:\/\/gingerridge.pl\/#logo","inLanguage":"en-US","url":"https:\/\/gingerridge.pl\/wp-content\/uploads\/2019\/09\/logo.png","contentUrl":"https:\/\/gingerridge.pl\/wp-content\/uploads\/2019\/09\/logo.png","width":206,"height":102,"caption":"Ginger Ridge"},"image":{"@id":"https:\/\/gingerridge.pl\/#logo"}},{"@type":"WebSite","@id":"https:\/\/gingerridge.pl\/#website","url":"https:\/\/gingerridge.pl\/","name":"Ginger Ridge","description":"hodowla ps\u00f3w rasy Rhodesian Ridgeback - gingerridge.pl","publisher":{"@id":"https:\/\/gingerridge.pl\/#organization"},"potentialAction":[{"@type":"SearchAction","target":{"@type":"EntryPoint","urlTemplate":"https:\/\/gingerridge.pl\/?s={search_term_string}"},"query-input":"required name=search_term_string"}],"inLanguage":"en-US"},{"@type":"ImageObject","@id":"https:\/\/gingerridge.pl\/lema\/#primaryimage","inLanguage":"en-US","url":"https:\/\/gingerridge.pl\/wp-content\/uploads\/2019\/08\/lema-boczne.jpg","contentUrl":"https:\/\/gingerridge.pl\/wp-content\/uploads\/2019\/08\/lema-boczne.jpg","width":550,"height":940},{"@type":"WebPage","@id":"https:\/\/gingerridge.pl\/lema\/#webpage","url":"https:\/\/gingerridge.pl\/lema\/","name":"[:en]Lema[:pl]Lema[:] - hodowla ps\u00f3w rasy Rhodesian Ridgeback - gingerridge.pl","isPartOf":{"@id":"https:\/\/gingerridge.pl\/#website"},"primaryImageOfPage":{"@id":"https:\/\/gingerridge.pl\/lema\/#primaryimage"},"datePublished":"2019-07-06T09:55:50+00:00","dateModified":"2019-10-28T19:01:46+00:00","breadcrumb":{"@id":"https:\/\/gingerridge.pl\/lema\/#breadcrumb"},"inLanguage":"en-US","potentialAction":[{"@type":"ReadAction","target":["https:\/\/gingerridge.pl\/lema\/"]}]},{"@type":"BreadcrumbList","@id":"https:\/\/gingerridge.pl\/lema\/#breadcrumb","itemListElement":[{"@type":"ListItem","position":1,"name":"Strona g\u0142\u00f3wna","item":"https:\/\/gingerridge.pl\/"},{"@type":"ListItem","position":2,"name":"Lema"}]}]}},"_links":{"self":[{"href":"https:\/\/gingerridge.pl\/en\/wp-json\/wp\/v2\/pages\/75"}],"collection":[{"href":"https:\/\/gingerridge.pl\/en\/wp-json\/wp\/v2\/pages"}],"about":[{"href":"https:\/\/gingerridge.pl\/en\/wp-json\/wp\/v2\/types\/page"}],"author":[{"embeddable":true,"href":"https:\/\/gingerridge.pl\/en\/wp-json\/wp\/v2\/users\/1"}],"replies":[{"embeddable":true,"href":"https:\/\/gingerridge.pl\/en\/wp-json\/wp\/v2\/comments?post=75"}],"version-history":[{"count":42,"href":"https:\/\/gingerridge.pl\/en\/wp-json\/wp\/v2\/pages\/75\/revisions"}],"predecessor-version":[{"id":498,"href":"https:\/\/gingerridge.pl\/en\/wp-json\/wp\/v2\/pages\/75\/revisions\/498"}],"wp:featuredmedia":[{"embeddable":true,"href":"https:\/\/gingerridge.pl\/en\/wp-json\/wp\/v2\/media\/172"}],"wp:attachment":[{"href":"https:\/\/gingerridge.pl\/en\/wp-json\/wp\/v2\/media?parent=75"}],"curies":[{"name":"wp","href":"https:\/\/api.w.org\/{rel}","templated":true}]}}