{"id":573,"date":"2020-05-10T21:26:54","date_gmt":"2020-05-10T19:26:54","guid":{"rendered":"https:\/\/gingerridge.pl\/en\/?page_id=573"},"modified":"2020-06-02T18:11:27","modified_gmt":"2020-06-02T16:11:27","slug":"linki","status":"publish","type":"page","link":"https:\/\/gingerridge.pl\/en\/linki\/","title":{"rendered":"Linki"},"content":{"rendered":"\n<ul><li>Nale\u017cymy do <a href=\"http:\/\/www.zkwp.pl\/1.tmp\/index.html\">Zwi\u0105zku Kynologicznego w Polsce (ZKwP)<\/a><\/li><li>Nasze psy pochodz\u0105&nbsp;z hodowli <a href=\"http:\/\/makorikori.pl\/\">Makorikori.pl<\/a> oraz <a href=\"http:\/\/en.aresvuma.ru\/\">Aresvuma<\/a><\/li><\/ul>\n\n\n\n<p><\/p>\n","protected":false},"excerpt":{"rendered":"<p>Nale\u017cymy do Zwi\u0105zku Kynologicznego w Polsce (ZKwP) Nasze psy pochodz\u0105&nbsp;z hodowli Makorikori.pl oraz Aresvuma<\/p>\n","protected":false},"author":1,"featured_media":0,"parent":0,"menu_order":0,"comment_status":"closed","ping_status":"closed","template":"","meta":{"_monsterinsights_skip_tracking":false,"_monsterinsights_sitenote_active":false,"_monsterinsights_sitenote_note":"","_monsterinsights_sitenote_category":0},"yoast_head":"<!-- This site is optimized with the Yoast SEO plugin v17.1 - https:\/\/yoast.com\/wordpress\/plugins\/seo\/ -->\n<title>Linki - Ginger Ridge<\/title>\n<meta name=\"robots\" content=\"index, follow, max-snippet:-1, max-image-preview:large, max-video-preview:-1\" \/>\n<link rel=\"canonical\" href=\"https:\/\/gingerridge.pl\/en\/linki\/\" \/>\n<meta property=\"og:locale\" content=\"en_US\" \/>\n<meta property=\"og:type\" content=\"article\" \/>\n<meta property=\"og:title\" content=\"Linki\" \/>\n<meta property=\"og:description\" content=\"Nale\u017cymy do Zwi\u0105zku Kynologicznego w Polsce (ZKwP) Nasze psy pochodz\u0105&nbsp;z hodowli Makorikori.pl oraz Aresvuma\" \/>\n<meta property=\"og:url\" content=\"https:\/\/gingerridge.pl\/en\/linki\/\" \/>\n<meta property=\"og:site_name\" content=\"Ginger Ridge\" \/>\n<meta property=\"article:publisher\" content=\"https:\/\/www.facebook.com\/Labone-Mwine-Makorikori-Rhodesian-Ridgeback-1708637059163348\/\" \/>\n<meta property=\"article:modified_time\" content=\"2020-06-02T16:11:27+00:00\" \/>\n<meta property=\"og:image\" content=\"https:\/\/gingerridge.pl\/wp-content\/uploads\/2020\/06\/gr-fb.png\" \/>\n\t<meta property=\"og:image:width\" content=\"1200\" \/>\n\t<meta property=\"og:image:height\" content=\"630\" \/>\n<meta name=\"twitter:card\" content=\"summary_large_image\" \/>\n<script type=\"application\/ld+json\" class=\"yoast-schema-graph\">{\"@context\":\"https:\/\/schema.org\",\"@graph\":[{\"@type\":\"Organization\",\"@id\":\"https:\/\/gingerridge.pl\/#organization\",\"name\":\"Ginger Ridge\",\"url\":\"https:\/\/gingerridge.pl\/\",\"sameAs\":[\"https:\/\/www.facebook.com\/Labone-Mwine-Makorikori-Rhodesian-Ridgeback-1708637059163348\/\"],\"logo\":{\"@type\":\"ImageObject\",\"@id\":\"https:\/\/gingerridge.pl\/#logo\",\"inLanguage\":\"en-US\",\"url\":\"https:\/\/gingerridge.pl\/wp-content\/uploads\/2019\/09\/logo.png\",\"contentUrl\":\"https:\/\/gingerridge.pl\/wp-content\/uploads\/2019\/09\/logo.png\",\"width\":206,\"height\":102,\"caption\":\"Ginger Ridge\"},\"image\":{\"@id\":\"https:\/\/gingerridge.pl\/#logo\"}},{\"@type\":\"WebSite\",\"@id\":\"https:\/\/gingerridge.pl\/#website\",\"url\":\"https:\/\/gingerridge.pl\/\",\"name\":\"Ginger Ridge\",\"description\":\"hodowla ps\\u00f3w rasy Rhodesian Ridgeback - gingerridge.pl\",\"publisher\":{\"@id\":\"https:\/\/gingerridge.pl\/#organization\"},\"potentialAction\":[{\"@type\":\"SearchAction\",\"target\":{\"@type\":\"EntryPoint\",\"urlTemplate\":\"https:\/\/gingerridge.pl\/?s={search_term_string}\"},\"query-input\":\"required name=search_term_string\"}],\"inLanguage\":\"en-US\"},{\"@type\":\"WebPage\",\"@id\":\"https:\/\/gingerridge.pl\/en\/linki\/#webpage\",\"url\":\"https:\/\/gingerridge.pl\/en\/linki\/\",\"name\":\"[:en]Linki[:pl]Linki[:] - Ginger Ridge\",\"isPartOf\":{\"@id\":\"https:\/\/gingerridge.pl\/#website\"},\"datePublished\":\"2020-05-10T19:26:54+00:00\",\"dateModified\":\"2020-06-02T16:11:27+00:00\",\"breadcrumb\":{\"@id\":\"https:\/\/gingerridge.pl\/en\/linki\/#breadcrumb\"},\"inLanguage\":\"en-US\",\"potentialAction\":[{\"@type\":\"ReadAction\",\"target\":[\"https:\/\/gingerridge.pl\/en\/linki\/\"]}]},{\"@type\":\"BreadcrumbList\",\"@id\":\"https:\/\/gingerridge.pl\/en\/linki\/#breadcrumb\",\"itemListElement\":[{\"@type\":\"ListItem\",\"position\":1,\"name\":\"Strona g\\u0142\\u00f3wna\",\"item\":\"https:\/\/gingerridge.pl\/\"},{\"@type\":\"ListItem\",\"position\":2,\"name\":\"Linki\"}]}]}<\/script>\n<!-- \/ Yoast SEO plugin. -->","yoast_head_json":{"title":"Linki - Ginger Ridge","robots":{"index":"index","follow":"follow","max-snippet":"max-snippet:-1","max-image-preview":"max-image-preview:large","max-video-preview":"max-video-preview:-1"},"canonical":"https:\/\/gingerridge.pl\/en\/linki\/","og_locale":"en_US","og_type":"article","og_title":"[:en]Linki[:pl]Linki[:] - Ginger Ridge","og_description":"Nale\u017cymy do Zwi\u0105zku Kynologicznego w Polsce (ZKwP) Nasze psy pochodz\u0105&nbsp;z hodowli Makorikori.pl oraz Aresvuma","og_url":"https:\/\/gingerridge.pl\/en\/linki\/","og_site_name":"Ginger Ridge","article_publisher":"https:\/\/www.facebook.com\/Labone-Mwine-Makorikori-Rhodesian-Ridgeback-1708637059163348\/","article_modified_time":"2020-06-02T16:11:27+00:00","og_image":[{"width":1200,"height":630,"url":"https:\/\/gingerridge.pl\/wp-content\/uploads\/2020\/06\/gr-fb.png","path":"\/home\/klient.dhosting.pl\/mmoszyk\/gingerridge.pl\/public_html\/wp-content\/uploads\/2020\/06\/gr-fb.png","size":"full","id":589,"alt":"","pixels":756000,"type":"image\/png"}],"twitter_card":"summary_large_image","schema":{"@context":"https:\/\/schema.org","@graph":[{"@type":"Organization","@id":"https:\/\/gingerridge.pl\/#organization","name":"Ginger Ridge","url":"https:\/\/gingerridge.pl\/","sameAs":["https:\/\/www.facebook.com\/Labone-Mwine-Makorikori-Rhodesian-Ridgeback-1708637059163348\/"],"logo":{"@type":"ImageObject","@id":"https:\/\/gingerridge.pl\/#logo","inLanguage":"en-US","url":"https:\/\/gingerridge.pl\/wp-content\/uploads\/2019\/09\/logo.png","contentUrl":"https:\/\/gingerridge.pl\/wp-content\/uploads\/2019\/09\/logo.png","width":206,"height":102,"caption":"Ginger Ridge"},"image":{"@id":"https:\/\/gingerridge.pl\/#logo"}},{"@type":"WebSite","@id":"https:\/\/gingerridge.pl\/#website","url":"https:\/\/gingerridge.pl\/","name":"Ginger Ridge","description":"hodowla ps\u00f3w rasy Rhodesian Ridgeback - gingerridge.pl","publisher":{"@id":"https:\/\/gingerridge.pl\/#organization"},"potentialAction":[{"@type":"SearchAction","target":{"@type":"EntryPoint","urlTemplate":"https:\/\/gingerridge.pl\/?s={search_term_string}"},"query-input":"required name=search_term_string"}],"inLanguage":"en-US"},{"@type":"WebPage","@id":"https:\/\/gingerridge.pl\/en\/linki\/#webpage","url":"https:\/\/gingerridge.pl\/en\/linki\/","name":"[:en]Linki[:pl]Linki[:] - Ginger Ridge","isPartOf":{"@id":"https:\/\/gingerridge.pl\/#website"},"datePublished":"2020-05-10T19:26:54+00:00","dateModified":"2020-06-02T16:11:27+00:00","breadcrumb":{"@id":"https:\/\/gingerridge.pl\/en\/linki\/#breadcrumb"},"inLanguage":"en-US","potentialAction":[{"@type":"ReadAction","target":["https:\/\/gingerridge.pl\/en\/linki\/"]}]},{"@type":"BreadcrumbList","@id":"https:\/\/gingerridge.pl\/en\/linki\/#breadcrumb","itemListElement":[{"@type":"ListItem","position":1,"name":"Strona g\u0142\u00f3wna","item":"https:\/\/gingerridge.pl\/"},{"@type":"ListItem","position":2,"name":"Linki"}]}]}},"_links":{"self":[{"href":"https:\/\/gingerridge.pl\/en\/wp-json\/wp\/v2\/pages\/573"}],"collection":[{"href":"https:\/\/gingerridge.pl\/en\/wp-json\/wp\/v2\/pages"}],"about":[{"href":"https:\/\/gingerridge.pl\/en\/wp-json\/wp\/v2\/types\/page"}],"author":[{"embeddable":true,"href":"https:\/\/gingerridge.pl\/en\/wp-json\/wp\/v2\/users\/1"}],"replies":[{"embeddable":true,"href":"https:\/\/gingerridge.pl\/en\/wp-json\/wp\/v2\/comments?post=573"}],"version-history":[{"count":4,"href":"https:\/\/gingerridge.pl\/en\/wp-json\/wp\/v2\/pages\/573\/revisions"}],"predecessor-version":[{"id":588,"href":"https:\/\/gingerridge.pl\/en\/wp-json\/wp\/v2\/pages\/573\/revisions\/588"}],"wp:attachment":[{"href":"https:\/\/gingerridge.pl\/en\/wp-json\/wp\/v2\/media?parent=573"}],"curies":[{"name":"wp","href":"https:\/\/api.w.org\/{rel}","templated":true}]}}