{"id":1817,"date":"2025-02-21T17:29:00","date_gmt":"2025-02-21T16:29:00","guid":{"rendered":"https:\/\/gingerridge.pl\/?page_id=1817"},"modified":"2025-04-20T21:10:43","modified_gmt":"2025-04-20T19:10:43","slug":"dziennik-miotu-g","status":"publish","type":"page","link":"https:\/\/gingerridge.pl\/en\/dziennik-miotu-g\/","title":{"rendered":"Dziennik miotu G"},"content":{"rendered":"\n<p>Dzi\u015b jest ten dzie\u0144&#8230;rozpoczynamy dziennik miotu G. Lekarz prowadz\u0105cy ci\u0105\u017ce Lorny-pan dr Tomasz Nowak z kliniki MyPet, uwa\u017ca i\u017c rozwi\u0105zanie nast\u0105pi 27\/28.02.2025. Czekamy, dbamy o przysz\u0142\u0105 mam\u0119, staramy si\u0119 ab zaakceptowa\u0142a kojec, kt\u00f3ry w sobot\u0119 stan\u0105\u0142 ju\u017c w naszym salonie. Wszystkie suki musia\u0142y go oczywi\u015bcie przetestowa\u0107 :). Lori ma ju\u017c spory brzuszek, ale kondycj\u0119 jak na sportsmenk\u0119 wspania\u0142\u0105, ch\u0119tnie si\u0119 rusza, wychodzi na niespieszne spacery i ogrodowe obchody.<\/p>\n\n\n\n<figure class=\"wp-block-image size-large\"><img loading=\"lazy\" width=\"768\" height=\"1024\" src=\"https:\/\/gingerridge.pl\/wp-content\/uploads\/2025\/02\/476499052_1331012234889224_1415696502141068443_n-768x1024.jpg\" alt=\"\" class=\"wp-image-1827\" srcset=\"https:\/\/gingerridge.pl\/wp-content\/uploads\/2025\/02\/476499052_1331012234889224_1415696502141068443_n-768x1024.jpg 768w, https:\/\/gingerridge.pl\/wp-content\/uploads\/2025\/02\/476499052_1331012234889224_1415696502141068443_n-225x300.jpg 225w, https:\/\/gingerridge.pl\/wp-content\/uploads\/2025\/02\/476499052_1331012234889224_1415696502141068443_n-1152x1536.jpg 1152w, https:\/\/gingerridge.pl\/wp-content\/uploads\/2025\/02\/476499052_1331012234889224_1415696502141068443_n.jpg 1536w\" sizes=\"(max-width: 768px) 100vw, 768px\" \/><\/figure>\n","protected":false},"excerpt":{"rendered":"<p>Dzi\u015b jest ten dzie\u0144&#8230;rozpoczynamy dziennik miotu G. Lekarz prowadz\u0105cy ci\u0105\u017ce Lorny-pan dr Tomasz Nowak z kliniki MyPet, uwa\u017ca i\u017c rozwi\u0105zanie<a class=\"excerpt-read-more\" href=\"https:\/\/gingerridge.pl\/en\/dziennik-miotu-g\/\" title=\"ReadDziennik miotu G\">&#8230; Read more &raquo;<\/a><\/p>\n","protected":false},"author":2,"featured_media":0,"parent":0,"menu_order":0,"comment_status":"closed","ping_status":"closed","template":"","meta":{"_monsterinsights_skip_tracking":false,"_monsterinsights_sitenote_active":false,"_monsterinsights_sitenote_note":"","_monsterinsights_sitenote_category":0},"yoast_head":"<!-- This site is optimized with the Yoast SEO plugin v17.1 - https:\/\/yoast.com\/wordpress\/plugins\/seo\/ -->\n<title>Dziennik miotu G - Ginger Ridge<\/title>\n<meta name=\"robots\" content=\"index, follow, max-snippet:-1, max-image-preview:large, max-video-preview:-1\" \/>\n<link rel=\"canonical\" href=\"https:\/\/gingerridge.pl\/dziennik-miotu-g\/\" \/>\n<meta property=\"og:locale\" content=\"en_US\" \/>\n<meta property=\"og:type\" content=\"article\" \/>\n<meta property=\"og:title\" content=\"Dziennik miotu G\" \/>\n<meta property=\"og:description\" content=\"Dzi\u015b jest ten dzie\u0144&#8230;rozpoczynamy dziennik miotu G. Lekarz prowadz\u0105cy ci\u0105\u017ce Lorny-pan dr Tomasz Nowak z kliniki MyPet, uwa\u017ca i\u017c rozwi\u0105zanie... Read more &raquo;\" \/>\n<meta property=\"og:url\" content=\"https:\/\/gingerridge.pl\/dziennik-miotu-g\/\" \/>\n<meta property=\"og:site_name\" content=\"Ginger Ridge\" \/>\n<meta property=\"article:publisher\" content=\"https:\/\/www.facebook.com\/Labone-Mwine-Makorikori-Rhodesian-Ridgeback-1708637059163348\/\" \/>\n<meta property=\"article:modified_time\" content=\"2025-04-20T19:10:43+00:00\" \/>\n<meta property=\"og:image\" content=\"https:\/\/gingerridge.pl\/wp-content\/uploads\/2025\/02\/476499052_1331012234889224_1415696502141068443_n-768x1024.jpg\" \/>\n<meta name=\"twitter:card\" content=\"summary_large_image\" \/>\n<meta name=\"twitter:label1\" content=\"Est. reading time\" \/>\n\t<meta name=\"twitter:data1\" content=\"16 minutes\" \/>\n<script type=\"application\/ld+json\" class=\"yoast-schema-graph\">{\"@context\":\"https:\/\/schema.org\",\"@graph\":[{\"@type\":\"Organization\",\"@id\":\"https:\/\/gingerridge.pl\/#organization\",\"name\":\"Ginger Ridge\",\"url\":\"https:\/\/gingerridge.pl\/\",\"sameAs\":[\"https:\/\/www.facebook.com\/Labone-Mwine-Makorikori-Rhodesian-Ridgeback-1708637059163348\/\"],\"logo\":{\"@type\":\"ImageObject\",\"@id\":\"https:\/\/gingerridge.pl\/#logo\",\"inLanguage\":\"en-US\",\"url\":\"https:\/\/gingerridge.pl\/wp-content\/uploads\/2019\/09\/logo.png\",\"contentUrl\":\"https:\/\/gingerridge.pl\/wp-content\/uploads\/2019\/09\/logo.png\",\"width\":206,\"height\":102,\"caption\":\"Ginger Ridge\"},\"image\":{\"@id\":\"https:\/\/gingerridge.pl\/#logo\"}},{\"@type\":\"WebSite\",\"@id\":\"https:\/\/gingerridge.pl\/#website\",\"url\":\"https:\/\/gingerridge.pl\/\",\"name\":\"Ginger Ridge\",\"description\":\"hodowla ps\\u00f3w rasy Rhodesian Ridgeback - gingerridge.pl\",\"publisher\":{\"@id\":\"https:\/\/gingerridge.pl\/#organization\"},\"potentialAction\":[{\"@type\":\"SearchAction\",\"target\":{\"@type\":\"EntryPoint\",\"urlTemplate\":\"https:\/\/gingerridge.pl\/?s={search_term_string}\"},\"query-input\":\"required name=search_term_string\"}],\"inLanguage\":\"en-US\"},{\"@type\":\"ImageObject\",\"@id\":\"https:\/\/gingerridge.pl\/dziennik-miotu-g\/#primaryimage\",\"inLanguage\":\"en-US\",\"url\":\"https:\/\/gingerridge.pl\/wp-content\/uploads\/2025\/02\/476499052_1331012234889224_1415696502141068443_n.jpg\",\"contentUrl\":\"https:\/\/gingerridge.pl\/wp-content\/uploads\/2025\/02\/476499052_1331012234889224_1415696502141068443_n.jpg\",\"width\":1536,\"height\":2048},{\"@type\":\"WebPage\",\"@id\":\"https:\/\/gingerridge.pl\/dziennik-miotu-g\/#webpage\",\"url\":\"https:\/\/gingerridge.pl\/dziennik-miotu-g\/\",\"name\":\"[:pl]Dziennik miotu G[:] - Ginger Ridge\",\"isPartOf\":{\"@id\":\"https:\/\/gingerridge.pl\/#website\"},\"primaryImageOfPage\":{\"@id\":\"https:\/\/gingerridge.pl\/dziennik-miotu-g\/#primaryimage\"},\"datePublished\":\"2025-02-21T16:29:00+00:00\",\"dateModified\":\"2025-04-20T19:10:43+00:00\",\"breadcrumb\":{\"@id\":\"https:\/\/gingerridge.pl\/dziennik-miotu-g\/#breadcrumb\"},\"inLanguage\":\"en-US\",\"potentialAction\":[{\"@type\":\"ReadAction\",\"target\":[\"https:\/\/gingerridge.pl\/dziennik-miotu-g\/\"]}]},{\"@type\":\"BreadcrumbList\",\"@id\":\"https:\/\/gingerridge.pl\/dziennik-miotu-g\/#breadcrumb\",\"itemListElement\":[{\"@type\":\"ListItem\",\"position\":1,\"name\":\"Strona g\\u0142\\u00f3wna\",\"item\":\"https:\/\/gingerridge.pl\/\"},{\"@type\":\"ListItem\",\"position\":2,\"name\":\"Dziennik miotu G\"}]}]}<\/script>\n<!-- \/ Yoast SEO plugin. -->","yoast_head_json":{"title":"Dziennik miotu G - Ginger Ridge","robots":{"index":"index","follow":"follow","max-snippet":"max-snippet:-1","max-image-preview":"max-image-preview:large","max-video-preview":"max-video-preview:-1"},"canonical":"https:\/\/gingerridge.pl\/dziennik-miotu-g\/","og_locale":"en_US","og_type":"article","og_title":"[:pl]Dziennik miotu G[:] - Ginger Ridge","og_description":"Dzi\u015b jest ten dzie\u0144&#8230;rozpoczynamy dziennik miotu G. Lekarz prowadz\u0105cy ci\u0105\u017ce Lorny-pan dr Tomasz Nowak z kliniki MyPet, uwa\u017ca i\u017c rozwi\u0105zanie... Read more &raquo;","og_url":"https:\/\/gingerridge.pl\/dziennik-miotu-g\/","og_site_name":"Ginger Ridge","article_publisher":"https:\/\/www.facebook.com\/Labone-Mwine-Makorikori-Rhodesian-Ridgeback-1708637059163348\/","article_modified_time":"2025-04-20T19:10:43+00:00","og_image":[{"url":"https:\/\/gingerridge.pl\/wp-content\/uploads\/2025\/02\/476499052_1331012234889224_1415696502141068443_n-768x1024.jpg"}],"twitter_card":"summary_large_image","twitter_misc":{"Est. reading time":"16 minutes"},"schema":{"@context":"https:\/\/schema.org","@graph":[{"@type":"Organization","@id":"https:\/\/gingerridge.pl\/#organization","name":"Ginger Ridge","url":"https:\/\/gingerridge.pl\/","sameAs":["https:\/\/www.facebook.com\/Labone-Mwine-Makorikori-Rhodesian-Ridgeback-1708637059163348\/"],"logo":{"@type":"ImageObject","@id":"https:\/\/gingerridge.pl\/#logo","inLanguage":"en-US","url":"https:\/\/gingerridge.pl\/wp-content\/uploads\/2019\/09\/logo.png","contentUrl":"https:\/\/gingerridge.pl\/wp-content\/uploads\/2019\/09\/logo.png","width":206,"height":102,"caption":"Ginger Ridge"},"image":{"@id":"https:\/\/gingerridge.pl\/#logo"}},{"@type":"WebSite","@id":"https:\/\/gingerridge.pl\/#website","url":"https:\/\/gingerridge.pl\/","name":"Ginger Ridge","description":"hodowla ps\u00f3w rasy Rhodesian Ridgeback - gingerridge.pl","publisher":{"@id":"https:\/\/gingerridge.pl\/#organization"},"potentialAction":[{"@type":"SearchAction","target":{"@type":"EntryPoint","urlTemplate":"https:\/\/gingerridge.pl\/?s={search_term_string}"},"query-input":"required name=search_term_string"}],"inLanguage":"en-US"},{"@type":"ImageObject","@id":"https:\/\/gingerridge.pl\/dziennik-miotu-g\/#primaryimage","inLanguage":"en-US","url":"https:\/\/gingerridge.pl\/wp-content\/uploads\/2025\/02\/476499052_1331012234889224_1415696502141068443_n.jpg","contentUrl":"https:\/\/gingerridge.pl\/wp-content\/uploads\/2025\/02\/476499052_1331012234889224_1415696502141068443_n.jpg","width":1536,"height":2048},{"@type":"WebPage","@id":"https:\/\/gingerridge.pl\/dziennik-miotu-g\/#webpage","url":"https:\/\/gingerridge.pl\/dziennik-miotu-g\/","name":"[:pl]Dziennik miotu G[:] - Ginger Ridge","isPartOf":{"@id":"https:\/\/gingerridge.pl\/#website"},"primaryImageOfPage":{"@id":"https:\/\/gingerridge.pl\/dziennik-miotu-g\/#primaryimage"},"datePublished":"2025-02-21T16:29:00+00:00","dateModified":"2025-04-20T19:10:43+00:00","breadcrumb":{"@id":"https:\/\/gingerridge.pl\/dziennik-miotu-g\/#breadcrumb"},"inLanguage":"en-US","potentialAction":[{"@type":"ReadAction","target":["https:\/\/gingerridge.pl\/dziennik-miotu-g\/"]}]},{"@type":"BreadcrumbList","@id":"https:\/\/gingerridge.pl\/dziennik-miotu-g\/#breadcrumb","itemListElement":[{"@type":"ListItem","position":1,"name":"Strona g\u0142\u00f3wna","item":"https:\/\/gingerridge.pl\/"},{"@type":"ListItem","position":2,"name":"Dziennik miotu G"}]}]}},"_links":{"self":[{"href":"https:\/\/gingerridge.pl\/en\/wp-json\/wp\/v2\/pages\/1817"}],"collection":[{"href":"https:\/\/gingerridge.pl\/en\/wp-json\/wp\/v2\/pages"}],"about":[{"href":"https:\/\/gingerridge.pl\/en\/wp-json\/wp\/v2\/types\/page"}],"author":[{"embeddable":true,"href":"https:\/\/gingerridge.pl\/en\/wp-json\/wp\/v2\/users\/2"}],"replies":[{"embeddable":true,"href":"https:\/\/gingerridge.pl\/en\/wp-json\/wp\/v2\/comments?post=1817"}],"version-history":[{"count":15,"href":"https:\/\/gingerridge.pl\/en\/wp-json\/wp\/v2\/pages\/1817\/revisions"}],"predecessor-version":[{"id":1921,"href":"https:\/\/gingerridge.pl\/en\/wp-json\/wp\/v2\/pages\/1817\/revisions\/1921"}],"wp:attachment":[{"href":"https:\/\/gingerridge.pl\/en\/wp-json\/wp\/v2\/media?parent=1817"}],"curies":[{"name":"wp","href":"https:\/\/api.w.org\/{rel}","templated":true}]}}